{"id":1221,"date":"2021-12-06T17:33:56","date_gmt":"2021-12-06T16:33:56","guid":{"rendered":"https:\/\/toscana-orzysz.pl\/wigilie-firmowe\/"},"modified":"2022-07-18T16:04:32","modified_gmt":"2022-07-18T14:04:32","slug":"company-christmas-eve","status":"publish","type":"page","link":"https:\/\/toscana-orzysz.pl\/en\/company-christmas-eve\/","title":{"rendered":"Company Christmas Eve"},"content":{"rendered":"\t\t<div data-elementor-type=\"wp-post\" data-elementor-id=\"1221\" class=\"elementor elementor-1221\">\n\t\t\t\t\t\t\t\t\t<section class=\"elementor-section elementor-top-section elementor-element elementor-element-7f708eea elementor-section-height-min-height elementor-section-boxed elementor-section-height-default elementor-section-items-middle\" data-id=\"7f708eea\" data-element_type=\"section\" data-settings=\"{&quot;background_background&quot;:&quot;classic&quot;}\">\n\t\t\t\t\t\t\t<div class=\"elementor-background-overlay\"><\/div>\n\t\t\t\t\t\t\t<div class=\"elementor-container elementor-column-gap-default\">\n\t\t\t\t\t<div class=\"elementor-column elementor-col-100 elementor-top-column elementor-element elementor-element-6eb41066\" data-id=\"6eb41066\" data-element_type=\"column\">\n\t\t\t<div class=\"elementor-widget-wrap elementor-element-populated\">\n\t\t\t\t\t\t\t\t<div class=\"elementor-element elementor-element-5a0515f elementor-widget elementor-widget-heading\" data-id=\"5a0515f\" data-element_type=\"widget\" data-widget_type=\"heading.default\">\n\t\t\t\t<div class=\"elementor-widget-container\">\n\t\t\t<style>\/*! elementor - v3.6.6 - 08-06-2022 *\/\n.elementor-heading-title{padding:0;margin:0;line-height:1}.elementor-widget-heading .elementor-heading-title[class*=elementor-size-]>a{color:inherit;font-size:inherit;line-height:inherit}.elementor-widget-heading .elementor-heading-title.elementor-size-small{font-size:15px}.elementor-widget-heading .elementor-heading-title.elementor-size-medium{font-size:19px}.elementor-widget-heading .elementor-heading-title.elementor-size-large{font-size:29px}.elementor-widget-heading .elementor-heading-title.elementor-size-xl{font-size:39px}.elementor-widget-heading .elementor-heading-title.elementor-size-xxl{font-size:59px}<\/style><h1 class=\"elementor-heading-title elementor-size-default\">Company Christmas Eve<\/h1>\t\t<\/div>\n\t\t\t\t<\/div>\n\t\t\t\t\t<\/div>\n\t\t<\/div>\n\t\t\t\t\t\t\t<\/div>\n\t\t<\/section>\n\t\t\t\t<section class=\"elementor-section elementor-top-section elementor-element elementor-element-48dac750 elementor-section-boxed elementor-section-height-default elementor-section-height-default\" data-id=\"48dac750\" data-element_type=\"section\" data-settings=\"{&quot;background_background&quot;:&quot;classic&quot;}\">\n\t\t\t\t\t\t<div class=\"elementor-container elementor-column-gap-wide\">\n\t\t\t\t\t<div class=\"elementor-column elementor-col-100 elementor-top-column elementor-element elementor-element-7deb5b29\" data-id=\"7deb5b29\" data-element_type=\"column\" data-settings=\"{&quot;background_background&quot;:&quot;classic&quot;}\">\n\t\t\t<div class=\"elementor-widget-wrap elementor-element-populated\">\n\t\t\t\t\t\t\t\t<div class=\"elementor-element elementor-element-7c760f14 elementor-widget elementor-widget-heading\" data-id=\"7c760f14\" data-element_type=\"widget\" data-widget_type=\"heading.default\">\n\t\t\t\t<div class=\"elementor-widget-container\">\n\t\t\t<p class=\"elementor-heading-title elementor-size-default\">Christmas 2021<\/p>\t\t<\/div>\n\t\t\t\t<\/div>\n\t\t\t\t<div class=\"elementor-element elementor-element-8a5906b elementor-widget elementor-widget-spacer\" data-id=\"8a5906b\" data-element_type=\"widget\" data-widget_type=\"spacer.default\">\n\t\t\t\t<div class=\"elementor-widget-container\">\n\t\t\t<style>\/*! elementor - v3.6.6 - 08-06-2022 *\/\n.e-container.e-container--row .elementor-spacer-inner{width:var(--spacer-size)}.e-container.e-container--column .elementor-spacer-inner,.elementor-column .elementor-spacer-inner{height:var(--spacer-size)}<\/style>\t\t<div class=\"elementor-spacer\">\n\t\t\t<div class=\"elementor-spacer-inner\"><\/div>\n\t\t<\/div>\n\t\t\t\t<\/div>\n\t\t\t\t<\/div>\n\t\t\t\t<div class=\"elementor-element elementor-element-4c7a88a9 elementor-widget elementor-widget-heading\" data-id=\"4c7a88a9\" data-element_type=\"widget\" data-widget_type=\"heading.default\">\n\t\t\t\t<div class=\"elementor-widget-container\">\n\t\t\t<h2 class=\"elementor-heading-title elementor-size-default\">Company Christmas Eve<\/h2>\t\t<\/div>\n\t\t\t\t<\/div>\n\t\t\t\t<div class=\"elementor-element elementor-element-d2f385f elementor-widget elementor-widget-spacer\" data-id=\"d2f385f\" data-element_type=\"widget\" data-widget_type=\"spacer.default\">\n\t\t\t\t<div class=\"elementor-widget-container\">\n\t\t\t\t\t<div class=\"elementor-spacer\">\n\t\t\t<div class=\"elementor-spacer-inner\"><\/div>\n\t\t<\/div>\n\t\t\t\t<\/div>\n\t\t\t\t<\/div>\n\t\t\t\t<section class=\"elementor-section elementor-inner-section elementor-element elementor-element-0bb0089 elementor-section-boxed elementor-section-height-default elementor-section-height-default\" data-id=\"0bb0089\" data-element_type=\"section\">\n\t\t\t\t\t\t<div class=\"elementor-container elementor-column-gap-default\">\n\t\t\t\t\t<div class=\"elementor-column elementor-col-50 elementor-inner-column elementor-element elementor-element-ff60c0c\" data-id=\"ff60c0c\" data-element_type=\"column\">\n\t\t\t<div class=\"elementor-widget-wrap elementor-element-populated\">\n\t\t\t\t\t\t\t\t<div class=\"elementor-element elementor-element-47fe7d9 elementor-widget elementor-widget-text-editor\" data-id=\"47fe7d9\" data-element_type=\"widget\" data-widget_type=\"text-editor.default\">\n\t\t\t\t<div class=\"elementor-widget-container\">\n\t\t\t<style>\/*! elementor - v3.6.6 - 08-06-2022 *\/\n.elementor-widget-text-editor.elementor-drop-cap-view-stacked .elementor-drop-cap{background-color:#818a91;color:#fff}.elementor-widget-text-editor.elementor-drop-cap-view-framed .elementor-drop-cap{color:#818a91;border:3px solid;background-color:transparent}.elementor-widget-text-editor:not(.elementor-drop-cap-view-default) .elementor-drop-cap{margin-top:8px}.elementor-widget-text-editor:not(.elementor-drop-cap-view-default) .elementor-drop-cap-letter{width:1em;height:1em}.elementor-widget-text-editor .elementor-drop-cap{float:left;text-align:center;line-height:1;font-size:50px}.elementor-widget-text-editor .elementor-drop-cap-letter{display:inline-block}<\/style>\t\t\t\t<h3>Zestaw nr 1<\/h3><div><p><b>Cena za zestaw\u00a0 60 z\u0142\/osoba<\/b><\/p><\/div><ol style=\"list-style-position: inside;\"><li>Barszcz z uszkami<\/li><li>Ryba dorsz saute, puree ziemniaczane, sur\u00f3wka<\/li><li>Pierogi z kapust\u0105 i grzybami<\/li><li>\u015aledzik pod pierzynk\u0105 z jab\u0142ka i cebulki lub w \u015bmietanie,<br \/>oleju (do wyboru)<\/li><li>Sa\u0142atka jarzynowa<\/li><li>Karp sma\u017cony<\/li><li>Kawa, herbata i ciasto<\/li><li>Soki, woda<\/li><li>Pieczywo<\/li><\/ol><div>\u00a0<\/div>\t\t\t\t\t\t<\/div>\n\t\t\t\t<\/div>\n\t\t\t\t\t<\/div>\n\t\t<\/div>\n\t\t\t\t<div class=\"elementor-column elementor-col-50 elementor-inner-column elementor-element elementor-element-a6b56c2\" data-id=\"a6b56c2\" data-element_type=\"column\">\n\t\t\t<div class=\"elementor-widget-wrap elementor-element-populated\">\n\t\t\t\t\t\t\t\t<div class=\"elementor-element elementor-element-1f4b621 elementor-widget elementor-widget-text-editor\" data-id=\"1f4b621\" data-element_type=\"widget\" data-widget_type=\"text-editor.default\">\n\t\t\t\t<div class=\"elementor-widget-container\">\n\t\t\t\t\t\t\t<h3>Zestaw nr 2<\/h3>\n<div>\n<p><b>Cena za zestaw&nbsp; 85 z\u0142\/osoba<\/b><\/p>\n<\/div>\n<ol style=\"list-style-position:inside\">\n<li>Barszcz z uszkami<\/li>\n<li>Ryba dorsz saute, puree ziemniaczane, sur\u00f3wka<\/li>\n<li>Pierogi z kapust\u0105 i grzybami<\/li>\n<li>\u015aledzik pod pierzynk\u0105 z jab\u0142ka i cebulki lub w \u015bmietanie,<br>\noleju (do wyboru)<\/li>\n<li>Sa\u0142atka jarzynowa<\/li>\n<li>Karp sma\u017cony<\/li>\n<li>Kapusta z grzybami<\/li>\n<li>\u0141azanki z makiem , miodem i bakaliami<\/li>\n<li>Ryba po grecku<\/li>\n<li>Kawa, herbata i ciasto<\/li>\n<li>Soki, woda<\/li>\n<li>Pieczywo<\/li>\n<\/ol>\n<div><\/div>\t\t\t\t\t\t<\/div>\n\t\t\t\t<\/div>\n\t\t\t\t\t<\/div>\n\t\t<\/div>\n\t\t\t\t\t\t\t<\/div>\n\t\t<\/section>\n\t\t\t\t<div class=\"elementor-element elementor-element-8a8d5a2 elementor-widget elementor-widget-spacer\" data-id=\"8a8d5a2\" data-element_type=\"widget\" data-widget_type=\"spacer.default\">\n\t\t\t\t<div class=\"elementor-widget-container\">\n\t\t\t\t\t<div class=\"elementor-spacer\">\n\t\t\t<div class=\"elementor-spacer-inner\"><\/div>\n\t\t<\/div>\n\t\t\t\t<\/div>\n\t\t\t\t<\/div>\n\t\t\t\t<div class=\"elementor-element elementor-element-5456480 elementor-widget elementor-widget-text-editor\" data-id=\"5456480\" data-element_type=\"widget\" data-widget_type=\"text-editor.default\">\n\t\t\t\t<div class=\"elementor-widget-container\">\n\t\t\t\t\t\t\t<b>We accept orders until December 15, 2021 in the restaurant &#8220;Toscana in the heart of Masuria&#8221;\ntel. 508 367 729 or 603 521 555\n\n<\/b>\t\t\t\t\t\t<\/div>\n\t\t\t\t<\/div>\n\t\t\t\t\t<\/div>\n\t\t<\/div>\n\t\t\t\t\t\t\t<\/div>\n\t\t<\/section>\n\t\t\t\t\t\t\t<\/div>\n\t\t","protected":false},"excerpt":{"rendered":"<p>Company Christmas Eve Christmas 2021 Company Christmas Eve Zestaw nr 1 Cena za zestaw\u00a0 60 z\u0142\/osoba Barszcz z uszkami Ryba dorsz saute, puree ziemniaczane, sur\u00f3wka Pierogi z kapust\u0105 i grzybami&hellip;&nbsp;<a href=\"https:\/\/toscana-orzysz.pl\/en\/company-christmas-eve\/\" class=\"\" rel=\"bookmark\">Read More &raquo;<span class=\"screen-reader-text\">Company Christmas Eve<\/span><\/a><\/p>\n","protected":false},"author":1,"featured_media":0,"parent":0,"menu_order":0,"comment_status":"closed","ping_status":"closed","template":"elementor_header_footer","meta":{"neve_meta_sidebar":"","neve_meta_container":"","neve_meta_enable_content_width":"off","neve_meta_content_width":70,"neve_meta_title_alignment":"","neve_meta_author_avatar":"","neve_post_elements_order":"","neve_meta_disable_header":"","neve_meta_disable_footer":"","neve_meta_disable_title":"","neve_meta_reading_time":"","_ti_tpc_template_sync":false,"_ti_tpc_template_id":"15h8qthsehzkv7e82vql","footnotes":""},"class_list":["post-1221","page","type-page","status-publish","hentry"],"_links":{"self":[{"href":"https:\/\/toscana-orzysz.pl\/en\/wp-json\/wp\/v2\/pages\/1221","targetHints":{"allow":["GET"]}}],"collection":[{"href":"https:\/\/toscana-orzysz.pl\/en\/wp-json\/wp\/v2\/pages"}],"about":[{"href":"https:\/\/toscana-orzysz.pl\/en\/wp-json\/wp\/v2\/types\/page"}],"author":[{"embeddable":true,"href":"https:\/\/toscana-orzysz.pl\/en\/wp-json\/wp\/v2\/users\/1"}],"replies":[{"embeddable":true,"href":"https:\/\/toscana-orzysz.pl\/en\/wp-json\/wp\/v2\/comments?post=1221"}],"version-history":[{"count":4,"href":"https:\/\/toscana-orzysz.pl\/en\/wp-json\/wp\/v2\/pages\/1221\/revisions"}],"predecessor-version":[{"id":1226,"href":"https:\/\/toscana-orzysz.pl\/en\/wp-json\/wp\/v2\/pages\/1221\/revisions\/1226"}],"wp:attachment":[{"href":"https:\/\/toscana-orzysz.pl\/en\/wp-json\/wp\/v2\/media?parent=1221"}],"curies":[{"name":"wp","href":"https:\/\/api.w.org\/{rel}","templated":true}]}}